{"id":1295,"date":"2026-02-19T14:22:11","date_gmt":"2026-02-19T13:22:11","guid":{"rendered":"https:\/\/drones-air-mediterranee.com\/?page_id=1295"},"modified":"2026-02-19T15:29:46","modified_gmt":"2026-02-19T14:29:46","slug":"recherche-danimaux-perdu-par-drone-a-camera-thermique","status":"publish","type":"page","link":"https:\/\/drones-air-mediterranee.com\/?page_id=1295","title":{"rendered":"Recherche d&rsquo;animaux perdu par drone \u00e0 cam\u00e9ra thermique"},"content":{"rendered":"\t\t<div data-elementor-type=\"wp-page\" data-elementor-id=\"1295\" class=\"elementor elementor-1295\">\n\t\t\t\t<div class=\"elementor-element elementor-element-1ce97c0 e-flex e-con-boxed wpr-particle-no wpr-jarallax-no wpr-parallax-no wpr-sticky-section-no wpr-equal-height-no e-con e-parent\" data-id=\"1ce97c0\" data-element_type=\"container\" data-e-type=\"container\">\n\t\t\t\t\t<div class=\"e-con-inner\">\n\t\t<div class=\"elementor-element elementor-element-4912f0d e-con-full e-flex wpr-particle-no wpr-jarallax-no wpr-parallax-no wpr-sticky-section-no wpr-equal-height-no e-con e-child\" data-id=\"4912f0d\" data-element_type=\"container\" data-e-type=\"container\" data-settings=\"{&quot;background_background&quot;:&quot;classic&quot;}\">\n\t\t\t\t<div class=\"elementor-element elementor-element-f0d8234 elementor-widget elementor-widget-heading\" data-id=\"f0d8234\" data-element_type=\"widget\" data-e-type=\"widget\" data-widget_type=\"heading.default\">\n\t\t\t\t\t<h2 class=\"elementor-heading-title elementor-size-default\">Recherche d'animaux perdus par drone \u00e0 cam\u00e9ra thermique<\/h2>\t\t\t\t<\/div>\n\t\t\t\t<\/div>\n\t\t\t\t\t<\/div>\n\t\t\t\t<\/div>\n\t\t<div class=\"elementor-element elementor-element-7385244 e-flex e-con-boxed wpr-particle-no wpr-jarallax-no wpr-parallax-no wpr-sticky-section-no wpr-equal-height-no e-con e-parent\" data-id=\"7385244\" data-element_type=\"container\" data-e-type=\"container\">\n\t\t\t\t\t<div class=\"e-con-inner\">\n\t\t\t\t<div class=\"elementor-element elementor-element-ea5c8fe elementor-widget elementor-widget-spacer\" data-id=\"ea5c8fe\" data-element_type=\"widget\" data-e-type=\"widget\" data-widget_type=\"spacer.default\">\n\t\t\t\t\t\t\t<div class=\"elementor-spacer\">\n\t\t\t<div class=\"elementor-spacer-inner\"><\/div>\n\t\t<\/div>\n\t\t\t\t\t\t<\/div>\n\t\t\t\t\t<\/div>\n\t\t\t\t<\/div>\n\t\t<div class=\"elementor-element elementor-element-6b809f9 e-flex e-con-boxed wpr-particle-no wpr-jarallax-no wpr-parallax-no wpr-sticky-section-no wpr-equal-height-no e-con e-parent\" data-id=\"6b809f9\" data-element_type=\"container\" data-e-type=\"container\">\n\t\t\t\t\t<div class=\"e-con-inner\">\n\t\t\t\t<div class=\"elementor-element elementor-element-c02ec64 elementor-widget elementor-widget-text-editor\" data-id=\"c02ec64\" data-element_type=\"widget\" data-e-type=\"widget\" data-widget_type=\"text-editor.default\">\n\t\t\t\t\t\t\t\t\t<h3>Nous proposons un service sp\u00e9cialis\u00e9 de <b>localisation d&rsquo;animaux perdu<\/b>s gr\u00e2ce \u00e0 l&rsquo;utilisation de <strong>drones professionnels \u00e9quip\u00e9s de cam\u00e9ras thermiques haute pr\u00e9cision<\/strong><b>.<\/b><\/h3>\n<h3>Cette technologie permet de d\u00e9tecter rapidement la signature thermique d&rsquo;un animal, m\u00eame dans des zones difficiles d&rsquo;acc\u00e8s : for\u00eats, champs, zones montagneuses ou peu \u00e9clair\u00e9es.<\/h3>\t\t\t\t\t\t\t\t<\/div>\n\t\t\t\t\t<\/div>\n\t\t\t\t<\/div>\n\t\t<div class=\"elementor-element elementor-element-79098f6 e-flex e-con-boxed wpr-particle-no wpr-jarallax-no wpr-parallax-no wpr-sticky-section-no wpr-equal-height-no e-con e-parent\" data-id=\"79098f6\" data-element_type=\"container\" data-e-type=\"container\">\n\t\t\t\t\t<div class=\"e-con-inner\">\n\t\t\t\t<div class=\"elementor-element elementor-element-ac726ee elementor-widget elementor-widget-spacer\" data-id=\"ac726ee\" data-element_type=\"widget\" data-e-type=\"widget\" data-widget_type=\"spacer.default\">\n\t\t\t\t\t\t\t<div class=\"elementor-spacer\">\n\t\t\t<div class=\"elementor-spacer-inner\"><\/div>\n\t\t<\/div>\n\t\t\t\t\t\t<\/div>\n\t\t\t\t\t<\/div>\n\t\t\t\t<\/div>\n\t\t<div class=\"elementor-element elementor-element-e2c481f e-flex e-con-boxed wpr-particle-no wpr-jarallax-no wpr-parallax-no wpr-sticky-section-no wpr-equal-height-no e-con e-parent\" data-id=\"e2c481f\" data-element_type=\"container\" data-e-type=\"container\">\n\t\t\t\t\t<div class=\"e-con-inner\">\n\t\t\t\t<div class=\"elementor-element elementor-element-d81b595 elementor-widget elementor-widget-text-editor\" data-id=\"d81b595\" data-element_type=\"widget\" data-e-type=\"widget\" data-widget_type=\"text-editor.default\">\n\t\t\t\t\t\t\t\t\t<h2><strong>Une technologie efficace au service du vivant<\/strong><\/h2>\t\t\t\t\t\t\t\t<\/div>\n\t\t<div class=\"elementor-element elementor-element-38d5c33 e-con-full e-flex wpr-particle-no wpr-jarallax-no wpr-parallax-no wpr-sticky-section-no wpr-equal-height-no e-con e-child\" data-id=\"38d5c33\" data-element_type=\"container\" data-e-type=\"container\">\n\t\t\t\t<div class=\"elementor-element elementor-element-b2b8c3e elementor-widget elementor-widget-text-editor\" data-id=\"b2b8c3e\" data-element_type=\"widget\" data-e-type=\"widget\" data-widget_type=\"text-editor.default\">\n\t\t\t\t\t\t\t\t\t<p class=\"p1\">La cam\u00e9ra thermique embarqu\u00e9e identifie les diff\u00e9rences de chaleur corporelle, ce qui permet :<\/p>\n<ul class=\"ul1\">\n<li class=\"li1\">de rep\u00e9rer un animal de jour comme de nuit,<\/li>\n<li class=\"li1\">d&rsquo;intervenir dans des zones \u00e9tendues en un temps r\u00e9duit,<\/li>\n<li class=\"li1\">de limiter le stress et les risques li\u00e9s aux recherches au sol.<\/li>\n<\/ul>\n<p>\u00a0<\/p>\n<p class=\"p1\">Notre m\u00e9thode est <strong>non intrusive<\/strong>, rapide et particuli\u00e8rement adapt\u00e9e aux situations d&rsquo;urgence.<\/p>\t\t\t\t\t\t\t\t<\/div>\n\t\t\t\t<\/div>\n\t\t\t\t<div class=\"elementor-element elementor-element-63b666e elementor-widget elementor-widget-image\" data-id=\"63b666e\" data-element_type=\"widget\" data-e-type=\"widget\" data-widget_type=\"image.default\">\n\t\t\t\t\t\t\t\t\t\t\t\t\t\t\t<img decoding=\"async\" src=\"https:\/\/drones-air-mediterranee.com\/wp-content\/uploads\/elementor\/thumbs\/WhatsApp-Image-2026-02-19-at-15.14-1-rjdzgz0nyibwo61m50p356oey0315lngdl5eba9yn4.png\" title=\"WhatsApp Image 2026-02-19 at 15.14\" alt=\"WhatsApp Image 2026-02-19 at 15.14\" loading=\"lazy\" \/>\t\t\t\t\t\t\t\t\t\t\t\t\t\t\t<\/div>\n\t\t\t\t<div class=\"elementor-element elementor-element-e0134c6 elementor-widget elementor-widget-spacer\" data-id=\"e0134c6\" data-element_type=\"widget\" data-e-type=\"widget\" data-widget_type=\"spacer.default\">\n\t\t\t\t\t\t\t<div class=\"elementor-spacer\">\n\t\t\t<div class=\"elementor-spacer-inner\"><\/div>\n\t\t<\/div>\n\t\t\t\t\t\t<\/div>\n\t\t<div class=\"elementor-element elementor-element-8f81967 e-con-full e-flex wpr-particle-no wpr-jarallax-no wpr-parallax-no wpr-sticky-section-no wpr-equal-height-no e-con e-child\" data-id=\"8f81967\" data-element_type=\"container\" data-e-type=\"container\">\n\t\t\t\t<div class=\"elementor-element elementor-element-3495936 elementor-widget elementor-widget-text-editor\" data-id=\"3495936\" data-element_type=\"widget\" data-e-type=\"widget\" data-widget_type=\"text-editor.default\">\n\t\t\t\t\t\t\t\t\t<h2><strong>Pour quels animaux ?<\/strong><\/h2>\t\t\t\t\t\t\t\t<\/div>\n\t\t<div class=\"elementor-element elementor-element-5ed893c e-con-full e-flex wpr-particle-no wpr-jarallax-no wpr-parallax-no wpr-sticky-section-no wpr-equal-height-no e-con e-child\" data-id=\"5ed893c\" data-element_type=\"container\" data-e-type=\"container\">\n\t\t\t\t<div class=\"elementor-element elementor-element-e9b9210 elementor-widget elementor-widget-text-editor\" data-id=\"e9b9210\" data-element_type=\"widget\" data-e-type=\"widget\" data-widget_type=\"text-editor.default\">\n\t\t\t\t\t\t\t\t\t<ul class=\"ul1\">\n<li class=\"li1\">Chiens et chats<\/li>\n<li class=\"li1\">Animaux d&rsquo;\u00e9levage (ovins, bovins, \u00e9quins)<\/li>\n<li class=\"li1\">Animaux bless\u00e9s ou d\u00e9sorient\u00e9s<\/li>\n<li class=\"li1\">Faune sauvage (dans le respect de la r\u00e9glementation en vigueur)<\/li>\n<\/ul>\t\t\t\t\t\t\t\t<\/div>\n\t\t\t\t<\/div>\n\t\t\t\t<\/div>\n\t\t\t\t<div class=\"elementor-element elementor-element-466cfb6 elementor-widget elementor-widget-spacer\" data-id=\"466cfb6\" data-element_type=\"widget\" data-e-type=\"widget\" data-widget_type=\"spacer.default\">\n\t\t\t\t\t\t\t<div class=\"elementor-spacer\">\n\t\t\t<div class=\"elementor-spacer-inner\"><\/div>\n\t\t<\/div>\n\t\t\t\t\t\t<\/div>\n\t\t<div class=\"elementor-element elementor-element-5ff0166 e-con-full e-flex wpr-particle-no wpr-jarallax-no wpr-parallax-no wpr-sticky-section-no wpr-equal-height-no e-con e-child\" data-id=\"5ff0166\" data-element_type=\"container\" data-e-type=\"container\">\n\t\t\t\t<div class=\"elementor-element elementor-element-6335e75 elementor-widget elementor-widget-text-editor\" data-id=\"6335e75\" data-element_type=\"widget\" data-e-type=\"widget\" data-widget_type=\"text-editor.default\">\n\t\t\t\t\t\t\t\t\t<h2><strong>Une intervention encadr\u00e9 et professionnelle<\/strong><\/h2>\t\t\t\t\t\t\t\t<\/div>\n\t\t<div class=\"elementor-element elementor-element-135a4a5 e-con-full e-flex wpr-particle-no wpr-jarallax-no wpr-parallax-no wpr-sticky-section-no wpr-equal-height-no e-con e-child\" data-id=\"135a4a5\" data-element_type=\"container\" data-e-type=\"container\">\n\t\t\t\t<div class=\"elementor-element elementor-element-c7fdb96 elementor-widget elementor-widget-text-editor\" data-id=\"c7fdb96\" data-element_type=\"widget\" data-e-type=\"widget\" data-widget_type=\"text-editor.default\">\n\t\t\t\t\t\t\t\t\t<p class=\"p1\">Les vols sont r\u00e9alis\u00e9s par un <strong>t\u00e9l\u00e9pilote certifi\u00e9<\/strong>, dans le strict respect de la r\u00e9glementation a\u00e9rienne et des r\u00e8gles de s\u00e9curit\u00e9.<\/p>\n<p class=\"p1\">Chaque mission est pr\u00e9par\u00e9e avec soin afin d&rsquo;optimiser les chances de localisation.<\/p>\t\t\t\t\t\t\t\t<\/div>\n\t\t\t\t<\/div>\n\t\t\t\t<\/div>\n\t\t\t\t<div class=\"elementor-element elementor-element-fdd311b elementor-widget elementor-widget-spacer\" data-id=\"fdd311b\" data-element_type=\"widget\" data-e-type=\"widget\" data-widget_type=\"spacer.default\">\n\t\t\t\t\t\t\t<div class=\"elementor-spacer\">\n\t\t\t<div class=\"elementor-spacer-inner\"><\/div>\n\t\t<\/div>\n\t\t\t\t\t\t<\/div>\n\t\t<div class=\"elementor-element elementor-element-dd80380 e-con-full e-flex wpr-particle-no wpr-jarallax-no wpr-parallax-no wpr-sticky-section-no wpr-equal-height-no e-con e-child\" data-id=\"dd80380\" data-element_type=\"container\" data-e-type=\"container\">\n\t\t\t\t<div class=\"elementor-element elementor-element-add2d95 elementor-widget elementor-widget-text-editor\" data-id=\"add2d95\" data-element_type=\"widget\" data-e-type=\"widget\" data-widget_type=\"text-editor.default\">\n\t\t\t\t\t\t\t\t\t<h2><strong>Pourquoi faire appel \u00e0 notre service ?<\/strong><\/h2>\t\t\t\t\t\t\t\t<\/div>\n\t\t<div class=\"elementor-element elementor-element-f97b711 e-con-full e-flex wpr-particle-no wpr-jarallax-no wpr-parallax-no wpr-sticky-section-no wpr-equal-height-no e-con e-child\" data-id=\"f97b711\" data-element_type=\"container\" data-e-type=\"container\">\n\t\t\t\t<div class=\"elementor-element elementor-element-24aeb0e elementor-widget elementor-widget-text-editor\" data-id=\"24aeb0e\" data-element_type=\"widget\" data-e-type=\"widget\" data-widget_type=\"text-editor.default\">\n\t\t\t\t\t\t\t\t\t<ul class=\"ul1\">\n<li class=\"li1\">Intervention rapide<\/li>\n<li class=\"li1\">Technologie de pointe (cam\u00e9ra thermique)<\/li>\n<li class=\"li1\">Large couverture de terrain<\/li>\n<li class=\"li1\">Approche respectueuse de l&rsquo;animal<\/li>\n<li class=\"li1\">Gain de temps d\u00e9cisif dans les situations critiques<\/li>\n<\/ul>\t\t\t\t\t\t\t\t<\/div>\n\t\t\t\t<\/div>\n\t\t\t\t<\/div>\n\t\t\t\t<div class=\"elementor-element elementor-element-72f757a elementor-widget elementor-widget-spacer\" data-id=\"72f757a\" data-element_type=\"widget\" data-e-type=\"widget\" data-widget_type=\"spacer.default\">\n\t\t\t\t\t\t\t<div class=\"elementor-spacer\">\n\t\t\t<div class=\"elementor-spacer-inner\"><\/div>\n\t\t<\/div>\n\t\t\t\t\t\t<\/div>\n\t\t<div class=\"elementor-element elementor-element-97bb9e0 e-con-full e-flex wpr-particle-no wpr-jarallax-no wpr-parallax-no wpr-sticky-section-no wpr-equal-height-no e-con e-child\" data-id=\"97bb9e0\" data-element_type=\"container\" data-e-type=\"container\">\n\t\t\t\t<div class=\"elementor-element elementor-element-36bfd12 elementor-widget elementor-widget-text-editor\" data-id=\"36bfd12\" data-element_type=\"widget\" data-e-type=\"widget\" data-widget_type=\"text-editor.default\">\n\t\t\t\t\t\t\t\t\t<h2><strong>Contact et demande d&rsquo;intervention<\/strong><\/h2>\t\t\t\t\t\t\t\t<\/div>\n\t\t<div class=\"elementor-element elementor-element-1085d36 e-con-full e-flex wpr-particle-no wpr-jarallax-no wpr-parallax-no wpr-sticky-section-no wpr-equal-height-no e-con e-child\" data-id=\"1085d36\" data-element_type=\"container\" data-e-type=\"container\">\n\t\t\t\t<div class=\"elementor-element elementor-element-e5da3b8 elementor-widget elementor-widget-text-editor\" data-id=\"e5da3b8\" data-element_type=\"widget\" data-e-type=\"widget\" data-widget_type=\"text-editor.default\">\n\t\t\t\t\t\t\t\t\t<p class=\"p1\">En cas de perte d&rsquo;un animal, <strong>le temps est un facteur cl\u00e9<\/strong>.<\/p><p class=\"p1\">Contactez-nous d\u00e8s que possible pour \u00e9tudier la situation et organiser une recherche adapt\u00e9e.<\/p>\t\t\t\t\t\t\t\t<\/div>\n\t\t\t\t<\/div>\n\t\t\t\t<\/div>\n\t\t\t\t<div class=\"elementor-element elementor-element-ca11caf elementor-widget elementor-widget-spacer\" data-id=\"ca11caf\" data-element_type=\"widget\" data-e-type=\"widget\" data-widget_type=\"spacer.default\">\n\t\t\t\t\t\t\t<div class=\"elementor-spacer\">\n\t\t\t<div class=\"elementor-spacer-inner\"><\/div>\n\t\t<\/div>\n\t\t\t\t\t\t<\/div>\n\t\t\t\t\t<\/div>\n\t\t\t\t<\/div>\n\t\t<div class=\"elementor-element elementor-element-1448329 e-flex e-con-boxed wpr-particle-no wpr-jarallax-no wpr-parallax-no wpr-sticky-section-no wpr-equal-height-no e-con e-parent\" data-id=\"1448329\" data-element_type=\"container\" data-e-type=\"container\">\n\t\t\t\t\t<div class=\"e-con-inner\">\n\t\t<div class=\"elementor-element elementor-element-e22b0ed e-con-full e-flex wpr-particle-no wpr-jarallax-no wpr-parallax-no wpr-sticky-section-no wpr-equal-height-no e-con e-child\" data-id=\"e22b0ed\" data-element_type=\"container\" data-e-type=\"container\">\n\t\t\t\t<div class=\"elementor-element elementor-element-4212a22 elementor-widget elementor-widget-image\" data-id=\"4212a22\" data-element_type=\"widget\" data-e-type=\"widget\" data-widget_type=\"image.default\">\n\t\t\t\t\t\t\t\t\t\t\t\t\t\t\t<img decoding=\"async\" src=\"https:\/\/drones-air-mediterranee.com\/wp-content\/uploads\/elementor\/thumbs\/WhatsApp-Image-2026-02-19-at-15.14.35-1-1-rjdzj8smh3gf6u347kq377vj0dc615naabeh3bfonc.jpeg\" title=\"WhatsApp Image 2026-02-19 at 15.14.35 (1)\" alt=\"WhatsApp Image 2026-02-19 at 15.14.35 (1)\" loading=\"lazy\" \/>\t\t\t\t\t\t\t\t\t\t\t\t\t\t\t<\/div>\n\t\t\t\t<\/div>\n\t\t<div class=\"elementor-element elementor-element-64bf195 e-con-full e-flex wpr-particle-no wpr-jarallax-no wpr-parallax-no wpr-sticky-section-no wpr-equal-height-no e-con e-child\" data-id=\"64bf195\" data-element_type=\"container\" data-e-type=\"container\">\n\t\t\t\t<div class=\"elementor-element elementor-element-885fcbf elementor-widget elementor-widget-image\" data-id=\"885fcbf\" data-element_type=\"widget\" data-e-type=\"widget\" data-widget_type=\"image.default\">\n\t\t\t\t\t\t\t\t\t\t\t\t\t\t\t<img decoding=\"async\" src=\"https:\/\/drones-air-mediterranee.com\/wp-content\/uploads\/elementor\/thumbs\/WhatsApp-Image-2026-02-19-at-15.14.36-rjdzccn8cu1aidfuso51g2bukhrguy9bxoo4f86lbk.jpeg\" title=\"WhatsApp Image 2026-02-19 at 15.14.36\" alt=\"WhatsApp Image 2026-02-19 at 15.14.36\" loading=\"lazy\" \/>\t\t\t\t\t\t\t\t\t\t\t\t\t\t\t<\/div>\n\t\t\t\t<\/div>\n\t\t\t\t\t<\/div>\n\t\t\t\t<\/div>\n\t\t\t\t<\/div>\n\t\t","protected":false},"excerpt":{"rendered":"<p>Recherche d&rsquo;animaux perdus par drone \u00e0 cam\u00e9ra thermique Nous proposons un service sp\u00e9cialis\u00e9 de localisation d&rsquo;animaux perdus gr\u00e2ce \u00e0 l&rsquo;utilisation de drones professionnels \u00e9quip\u00e9s de cam\u00e9ras thermiques haute pr\u00e9cision. Cette technologie permet de d\u00e9tecter rapidement la signature thermique d&rsquo;un animal, m\u00eame dans des zones difficiles d&rsquo;acc\u00e8s : for\u00eats, champs, zones montagneuses ou peu \u00e9clair\u00e9es. Une technologie efficace au service du vivant La cam\u00e9ra thermique embarqu\u00e9e identifie les diff\u00e9rences de chaleur corporelle, ce qui permet : de rep\u00e9rer un animal de jour comme de nuit, d&rsquo;intervenir dans des zones \u00e9tendues en un temps r\u00e9duit, de limiter le stress et les risques li\u00e9s aux recherches au sol. \u00a0 Notre m\u00e9thode est non intrusive, rapide et particuli\u00e8rement adapt\u00e9e aux situations d&rsquo;urgence. Pour quels animaux ? Chiens et chats Animaux d&rsquo;\u00e9levage (ovins, bovins, \u00e9quins) Animaux bless\u00e9s ou d\u00e9sorient\u00e9s Faune sauvage (dans le respect de la r\u00e9glementation en vigueur) Une intervention encadr\u00e9 et professionnelle Les vols sont r\u00e9alis\u00e9s par un t\u00e9l\u00e9pilote certifi\u00e9, dans le strict respect de la r\u00e9glementation a\u00e9rienne et des r\u00e8gles de s\u00e9curit\u00e9. Chaque mission est pr\u00e9par\u00e9e avec soin afin d&rsquo;optimiser les chances de localisation. Pourquoi faire appel \u00e0 notre service ? Intervention rapide Technologie de pointe (cam\u00e9ra thermique) Large couverture de terrain Approche respectueuse de l&rsquo;animal Gain de temps d\u00e9cisif dans les situations critiques Contact et demande d&rsquo;intervention En cas de perte d&rsquo;un animal, le temps est un facteur cl\u00e9. Contactez-nous d\u00e8s que possible pour \u00e9tudier la situation et organiser une recherche adapt\u00e9e.<\/p>\n","protected":false},"author":2,"featured_media":0,"parent":0,"menu_order":0,"comment_status":"closed","ping_status":"closed","template":"","meta":{"footnotes":""},"class_list":["post-1295","page","type-page","status-publish","hentry"],"_links":{"self":[{"href":"https:\/\/drones-air-mediterranee.com\/index.php?rest_route=\/wp\/v2\/pages\/1295","targetHints":{"allow":["GET"]}}],"collection":[{"href":"https:\/\/drones-air-mediterranee.com\/index.php?rest_route=\/wp\/v2\/pages"}],"about":[{"href":"https:\/\/drones-air-mediterranee.com\/index.php?rest_route=\/wp\/v2\/types\/page"}],"author":[{"embeddable":true,"href":"https:\/\/drones-air-mediterranee.com\/index.php?rest_route=\/wp\/v2\/users\/2"}],"replies":[{"embeddable":true,"href":"https:\/\/drones-air-mediterranee.com\/index.php?rest_route=%2Fwp%2Fv2%2Fcomments&post=1295"}],"version-history":[{"count":26,"href":"https:\/\/drones-air-mediterranee.com\/index.php?rest_route=\/wp\/v2\/pages\/1295\/revisions"}],"predecessor-version":[{"id":1434,"href":"https:\/\/drones-air-mediterranee.com\/index.php?rest_route=\/wp\/v2\/pages\/1295\/revisions\/1434"}],"wp:attachment":[{"href":"https:\/\/drones-air-mediterranee.com\/index.php?rest_route=%2Fwp%2Fv2%2Fmedia&parent=1295"}],"curies":[{"name":"wp","href":"https:\/\/api.w.org\/{rel}","templated":true}]}}