{"id":164,"date":"2026-01-27T15:11:53","date_gmt":"2026-01-27T14:11:53","guid":{"rendered":"https:\/\/web-mmi.iutbeziers.fr\/marathon_2026\/marathon_2026_14\/wordpress\/?page_id=164"},"modified":"2026-02-23T08:26:59","modified_gmt":"2026-02-23T07:26:59","slug":"thermographie","status":"publish","type":"page","link":"https:\/\/drones-air-mediterranee.com\/?page_id=164","title":{"rendered":"Thermographie"},"content":{"rendered":"\t\t<div data-elementor-type=\"wp-page\" data-elementor-id=\"164\" class=\"elementor elementor-164\">\n\t\t\t\t<div class=\"elementor-element elementor-element-00b844f e-con-full e-flex wpr-particle-no wpr-jarallax-no wpr-parallax-no wpr-sticky-section-no wpr-equal-height-no e-con e-parent\" data-id=\"00b844f\" data-element_type=\"container\" data-e-type=\"container\" data-settings=\"{&quot;background_background&quot;:&quot;classic&quot;}\">\n\t\t<div class=\"elementor-element elementor-element-550410d e-con-full e-flex wpr-particle-no wpr-jarallax-no wpr-parallax-no wpr-sticky-section-no wpr-equal-height-no e-con e-child\" data-id=\"550410d\" data-element_type=\"container\" data-e-type=\"container\" data-settings=\"{&quot;background_background&quot;:&quot;classic&quot;}\">\n\t\t\t\t<div class=\"elementor-element elementor-element-7e7cdbd elementor-widget elementor-widget-heading\" data-id=\"7e7cdbd\" data-element_type=\"widget\" data-e-type=\"widget\" data-widget_type=\"heading.default\">\n\t\t\t\t\t<h2 class=\"elementor-heading-title elementor-size-default\">Thermographie<\/h2>\t\t\t\t<\/div>\n\t\t\t\t<\/div>\n\t\t<div class=\"elementor-element elementor-element-31de9ed e-flex e-con-boxed wpr-particle-no wpr-jarallax-no wpr-parallax-no wpr-sticky-section-no wpr-equal-height-no e-con e-child\" data-id=\"31de9ed\" data-element_type=\"container\" data-e-type=\"container\" data-settings=\"{&quot;background_background&quot;:&quot;classic&quot;}\">\n\t\t\t\t\t<div class=\"e-con-inner\">\n\t\t<div class=\"elementor-element elementor-element-9296410 e-con-full e-flex wpr-particle-no wpr-jarallax-no wpr-parallax-no wpr-sticky-section-no wpr-equal-height-no e-con e-child\" data-id=\"9296410\" data-element_type=\"container\" data-e-type=\"container\" data-settings=\"{&quot;background_background&quot;:&quot;classic&quot;}\">\n\t\t\t\t<div class=\"elementor-element elementor-element-3dcd6d3 elementor-widget__width-initial elementor-widget elementor-widget-heading\" data-id=\"3dcd6d3\" data-element_type=\"widget\" data-e-type=\"widget\" data-widget_type=\"heading.default\">\n\t\t\t\t\t<h2 class=\"elementor-heading-title elementor-size-default\">Thermographie par drone : inspection thermique de pr\u00e9cision<\/h2>\t\t\t\t<\/div>\n\t\t\t\t<div class=\"elementor-element elementor-element-beac442 elementor-widget__width-initial elementor-widget elementor-widget-heading\" data-id=\"beac442\" data-element_type=\"widget\" data-e-type=\"widget\" data-widget_type=\"heading.default\">\n\t\t\t\t\t<h2 class=\"elementor-heading-title elementor-size-default\">Gr\u00e2ce \u00e0 la thermographie infrarouge par drone nous pouvons d\u00e9sormais r\u00e9aliser des inspections \u00e9nerg\u00e9tiques ou dites \u00ab thermiques \u00bb de grande qualit\u00e9.<\/br>\nNous utilisons cette technique de pointe pour permettre aux particuliers, entreprises et collectivit\u00e9s d'am\u00e9liorer leur consommation et leur empreinte \u00e9nerg\u00e9tique.<\/br>\nCette technologie embarqu\u00e9e sur notre drone Dji Matrice 4 Thermal offre de nouvelles perspectives pour l'analyse de vos infrastructures et de vos b\u00e2timents.\n<\/br>Ainsi vous pouvez am\u00e9liorer l'efficacit\u00e9 \u00e9nerg\u00e9tique de votre b\u00e2timent en d\u00e9tectant tr\u00e8s pr\u00e9cis\u00e9ment les fuites \u00e9nerg\u00e9tiques et les probl\u00e8mes d'isolation sur vos murs, toitures ou fen\u00eatres et portes.\nCeci permet des \u00e9conomies substantielles et de lutter contre le r\u00e9chauffement climatique.<\/h2>\t\t\t\t<\/div>\n\t\t\t\t<\/div>\n\t\t\t\t<div class=\"elementor-element elementor-element-d06a9ca elementor-widget elementor-widget-image\" data-id=\"d06a9ca\" data-element_type=\"widget\" data-e-type=\"widget\" data-widget_type=\"image.default\">\n\t\t\t\t\t\t\t\t\t\t\t\t\t\t\t<img decoding=\"async\" src=\"https:\/\/drones-air-mediterranee.com\/wp-content\/uploads\/2026\/01\/thrm1.png\" title=\"thrm1\" alt=\"thrm1\" loading=\"lazy\" \/>\t\t\t\t\t\t\t\t\t\t\t\t\t\t\t<\/div>\n\t\t\t\t\t<\/div>\n\t\t\t\t<\/div>\n\t\t<div class=\"elementor-element elementor-element-0638bc1 e-con-full e-flex wpr-particle-no wpr-jarallax-no wpr-parallax-no wpr-sticky-section-no wpr-equal-height-no e-con e-child\" data-id=\"0638bc1\" data-element_type=\"container\" data-e-type=\"container\" data-settings=\"{&quot;background_background&quot;:&quot;classic&quot;}\">\n\t\t\t\t<div class=\"elementor-element elementor-element-8c78062 elementor-widget elementor-widget-image\" data-id=\"8c78062\" data-element_type=\"widget\" data-e-type=\"widget\" data-widget_type=\"image.default\">\n\t\t\t\t\t\t\t\t\t\t\t\t\t\t\t<img fetchpriority=\"high\" decoding=\"async\" width=\"1080\" height=\"1080\" src=\"https:\/\/drones-air-mediterranee.com\/wp-content\/uploads\/2026\/01\/thrm2.png\" class=\"attachment-full size-full wp-image-998\" alt=\"\" srcset=\"https:\/\/drones-air-mediterranee.com\/wp-content\/uploads\/2026\/01\/thrm2.png 1080w, https:\/\/drones-air-mediterranee.com\/wp-content\/uploads\/2026\/01\/thrm2-300x300.png 300w, https:\/\/drones-air-mediterranee.com\/wp-content\/uploads\/2026\/01\/thrm2-1024x1024.png 1024w, https:\/\/drones-air-mediterranee.com\/wp-content\/uploads\/2026\/01\/thrm2-150x150.png 150w, https:\/\/drones-air-mediterranee.com\/wp-content\/uploads\/2026\/01\/thrm2-768x768.png 768w\" sizes=\"(max-width: 1080px) 100vw, 1080px\" \/>\t\t\t\t\t\t\t\t\t\t\t\t\t\t\t<\/div>\n\t\t<div class=\"elementor-element elementor-element-9fb0902 e-con-full e-flex wpr-particle-no wpr-jarallax-no wpr-parallax-no wpr-sticky-section-no wpr-equal-height-no e-con e-child\" data-id=\"9fb0902\" data-element_type=\"container\" data-e-type=\"container\" data-settings=\"{&quot;background_background&quot;:&quot;classic&quot;}\">\n\t\t\t\t<div class=\"elementor-element elementor-element-b512414 elementor-widget__width-initial elementor-widget elementor-widget-heading\" data-id=\"b512414\" data-element_type=\"widget\" data-e-type=\"widget\" data-widget_type=\"heading.default\">\n\t\t\t\t\t<h2 class=\"elementor-heading-title elementor-size-default\">Pourquoi choisir notre service de thermographie ?<\/h2>\t\t\t\t<\/div>\n\t\t\t\t<div class=\"elementor-element elementor-element-b130fb3 elementor-widget__width-initial elementor-widget elementor-widget-heading\" data-id=\"b130fb3\" data-element_type=\"widget\" data-e-type=\"widget\" data-widget_type=\"heading.default\">\n\t\t\t\t\t<h2 class=\"elementor-heading-title elementor-size-default\">Chez Drones Air M\u00e9diterran\u00e9e nous souhaitons vous apporter toute notre expertise et notre savoir-faire en thermographie dans toute l'Occitanie ainsi qu'au niveau national.\nNotre personnel a re\u00e7u une formation sp\u00e9cifique dans ce domaine afin de pouvoir vous fournir des r\u00e9sultats pr\u00e9cis et fiables.\n<\/br><\/br>\nNous avons investi dans du mat\u00e9riel de derni\u00e8re g\u00e9n\u00e9ration afin de vous assurer un r\u00e9sultat \u00e0 la hauteur de vos attentes.<\/h2>\t\t\t\t<\/div>\n\t\t\t\t<\/div>\n\t\t\t\t<\/div>\n\t\t\t\t<div class=\"elementor-element elementor-element-b3bc576 elementor-widget__width-initial elementor-widget elementor-widget-heading\" data-id=\"b3bc576\" data-element_type=\"widget\" data-e-type=\"widget\" data-widget_type=\"heading.default\">\n\t\t\t\t\t<h2 class=\"elementor-heading-title elementor-size-default\">Principe de fonctionnement<\/h2>\t\t\t\t<\/div>\n\t\t<div class=\"elementor-element elementor-element-a39f61b e-con-full e-flex wpr-particle-no wpr-jarallax-no wpr-parallax-no wpr-sticky-section-no wpr-equal-height-no e-con e-child\" data-id=\"a39f61b\" data-element_type=\"container\" data-e-type=\"container\">\n\t\t\t\t<div class=\"elementor-element elementor-element-41a548e elementor-widget elementor-widget-text-editor\" data-id=\"41a548e\" data-element_type=\"widget\" data-e-type=\"widget\" data-widget_type=\"text-editor.default\">\n\t\t\t\t\t\t\t\t\t<p>L&rsquo;imagerie thermique, autrement appel\u00e9e \u00ab thermographie \u00bb, consiste \u00e0 transformer des mesures du rayonnement infrarouge en une image radiom\u00e9trique, cela permet la lecture des valeurs de temp\u00e9ratures.<\/p><p>\u00a0<\/p><p>De nombreuses applications possibles :<\/p><ul><li>Analyse de l&rsquo;isolation et de la d\u00e9perdition thermique des b\u00e2timents, recherche de ponts thermiques<\/li><li>Inspection des panneaux solaires ainsi que des panneaux photovolta\u00efques par recherche de d\u00e9fauts et de d\u00e9perdition thermique possible au niveau des cellules.<\/li><li>Recherche d&rsquo;animaux ou de personnes perdus.<\/li><li>D\u00e9tection de fuites d&rsquo;eau et d&rsquo;humidit\u00e9.<\/li><li>Localisation de fuites de chauffage par le sol.<\/li><li>Recherche de nids de frelons asiatiques en for\u00eat.<\/li><\/ul><p>\u00a0<\/p><p>Nous mettons \u00e0 votre disposition notre expertise et notre savoir-faire en mati\u00e8re d&rsquo;analyse thermique.<\/p><p>Notre drone est certifi\u00e9 en cat\u00e9gorie C5, ce qui l&rsquo;autorise \u00e0 voler en agglom\u00e9rations et de nuit (vol de nuit \u00e0 hauteur limit\u00e9e \u00e0 50 m maximum pour un poids inf\u00e9rieur \u00e0 8 kg).<\/p><p>( Nous intervenons dans toute la r\u00e9gion Occitanie ainsi qu&rsquo;au niveau national. )<\/p>\t\t\t\t\t\t\t\t<\/div>\n\t\t\t\t<\/div>\n\t\t\t\t<div class=\"elementor-element elementor-element-669970e elementor-widget elementor-widget-heading\" data-id=\"669970e\" data-element_type=\"widget\" data-e-type=\"widget\" data-widget_type=\"heading.default\">\n\t\t\t\t\t<h2 class=\"elementor-heading-title elementor-size-default\">+<\/h2>\t\t\t\t<\/div>\n\t\t\t\t<\/div>\n\t\t\t\t<\/div>\n\t\t","protected":false},"excerpt":{"rendered":"<p>Thermographie Thermographie par drone : inspection thermique de pr\u00e9cision Gr\u00e2ce \u00e0 la thermographie infrarouge par drone nous pouvons d\u00e9sormais r\u00e9aliser des inspections \u00e9nerg\u00e9tiques ou dites \u00ab thermiques \u00bb de grande qualit\u00e9. Nous utilisons cette technique de pointe pour permettre aux particuliers, entreprises et collectivit\u00e9s d&rsquo;am\u00e9liorer leur consommation et leur empreinte \u00e9nerg\u00e9tique. Cette technologie embarqu\u00e9e sur notre drone Dji Matrice 4 Thermal offre de nouvelles perspectives pour l&rsquo;analyse de vos infrastructures et de vos b\u00e2timents. Ainsi vous pouvez am\u00e9liorer l&rsquo;efficacit\u00e9 \u00e9nerg\u00e9tique de votre b\u00e2timent en d\u00e9tectant tr\u00e8s pr\u00e9cis\u00e9ment les fuites \u00e9nerg\u00e9tiques et les probl\u00e8mes d&rsquo;isolation sur vos murs, toitures ou fen\u00eatres et portes. Ceci permet des \u00e9conomies substantielles et de lutter contre le r\u00e9chauffement climatique. Pourquoi choisir notre service de thermographie ? Chez Drones Air M\u00e9diterran\u00e9e nous souhaitons vous apporter toute notre expertise et notre savoir-faire en thermographie dans toute l&rsquo;Occitanie ainsi qu&rsquo;au niveau national. Notre personnel a re\u00e7u une formation sp\u00e9cifique dans ce domaine afin de pouvoir vous fournir des r\u00e9sultats pr\u00e9cis et fiables. Nous avons investi dans du mat\u00e9riel de derni\u00e8re g\u00e9n\u00e9ration afin de vous assurer un r\u00e9sultat \u00e0 la hauteur de vos attentes. Principe de fonctionnement L&rsquo;imagerie thermique, autrement appel\u00e9e \u00ab thermographie \u00bb, consiste \u00e0 transformer des mesures du rayonnement infrarouge en une image radiom\u00e9trique, cela permet la lecture des valeurs de temp\u00e9ratures. \u00a0 De nombreuses applications possibles : Analyse de l&rsquo;isolation et de la d\u00e9perdition thermique des b\u00e2timents, recherche de ponts thermiques Inspection des panneaux solaires ainsi que des panneaux photovolta\u00efques par recherche de d\u00e9fauts et de d\u00e9perdition thermique possible au niveau des cellules. Recherche d&rsquo;animaux ou de personnes perdus. D\u00e9tection de fuites d&rsquo;eau et d&rsquo;humidit\u00e9. Localisation de fuites de chauffage par le sol. Recherche de nids de frelons asiatiques en for\u00eat. \u00a0 Nous mettons \u00e0 votre disposition notre expertise et notre savoir-faire en mati\u00e8re d&rsquo;analyse thermique. Notre drone est certifi\u00e9 en cat\u00e9gorie C5, ce qui l&rsquo;autorise \u00e0 voler en agglom\u00e9rations et de nuit (vol de nuit \u00e0 hauteur limit\u00e9e \u00e0 50 m maximum pour un poids inf\u00e9rieur \u00e0 8 kg). ( Nous intervenons dans toute la r\u00e9gion Occitanie ainsi qu&rsquo;au niveau national. ) +<\/p>\n","protected":false},"author":1,"featured_media":0,"parent":0,"menu_order":0,"comment_status":"closed","ping_status":"closed","template":"","meta":{"footnotes":""},"class_list":["post-164","page","type-page","status-publish","hentry"],"_links":{"self":[{"href":"https:\/\/drones-air-mediterranee.com\/index.php?rest_route=\/wp\/v2\/pages\/164","targetHints":{"allow":["GET"]}}],"collection":[{"href":"https:\/\/drones-air-mediterranee.com\/index.php?rest_route=\/wp\/v2\/pages"}],"about":[{"href":"https:\/\/drones-air-mediterranee.com\/index.php?rest_route=\/wp\/v2\/types\/page"}],"author":[{"embeddable":true,"href":"https:\/\/drones-air-mediterranee.com\/index.php?rest_route=\/wp\/v2\/users\/1"}],"replies":[{"embeddable":true,"href":"https:\/\/drones-air-mediterranee.com\/index.php?rest_route=%2Fwp%2Fv2%2Fcomments&post=164"}],"version-history":[{"count":103,"href":"https:\/\/drones-air-mediterranee.com\/index.php?rest_route=\/wp\/v2\/pages\/164\/revisions"}],"predecessor-version":[{"id":1736,"href":"https:\/\/drones-air-mediterranee.com\/index.php?rest_route=\/wp\/v2\/pages\/164\/revisions\/1736"}],"wp:attachment":[{"href":"https:\/\/drones-air-mediterranee.com\/index.php?rest_route=%2Fwp%2Fv2%2Fmedia&parent=164"}],"curies":[{"name":"wp","href":"https:\/\/api.w.org\/{rel}","templated":true}]}}