{"id":858,"date":"2026-01-29T16:00:50","date_gmt":"2026-01-29T15:00:50","guid":{"rendered":"https:\/\/web-mmi.iutbeziers.fr\/marathon_2026\/marathon_2026_14\/wordpress\/?page_id=858"},"modified":"2026-03-24T17:50:08","modified_gmt":"2026-03-24T16:50:08","slug":"immobilier-hotellerie-restaurant","status":"publish","type":"page","link":"https:\/\/drones-air-mediterranee.com\/?page_id=858","title":{"rendered":"Immobilier &#8211; H\u00f4tellerie &#8211; Restaurant"},"content":{"rendered":"\t\t<div data-elementor-type=\"wp-page\" data-elementor-id=\"858\" class=\"elementor elementor-858\">\n\t\t\t\t<div class=\"elementor-element elementor-element-0356648 e-con-full e-flex wpr-particle-no wpr-jarallax-no wpr-parallax-no wpr-sticky-section-no wpr-equal-height-no e-con e-parent\" data-id=\"0356648\" data-element_type=\"container\" data-e-type=\"container\">\n\t\t<div class=\"elementor-element elementor-element-181c681 e-con-full e-flex wpr-particle-no wpr-jarallax-no wpr-parallax-no wpr-sticky-section-no wpr-equal-height-no e-con e-child\" data-id=\"181c681\" data-element_type=\"container\" data-e-type=\"container\" data-settings=\"{&quot;background_background&quot;:&quot;classic&quot;}\">\n\t\t\t\t<div class=\"elementor-element elementor-element-5086f87 elementor-widget elementor-widget-heading\" data-id=\"5086f87\" data-element_type=\"widget\" data-e-type=\"widget\" data-widget_type=\"heading.default\">\n\t\t\t\t\t<h2 class=\"elementor-heading-title elementor-size-default\">Immobilier - H\u00f4tellerie - Restaurant<\/h2>\t\t\t\t<\/div>\n\t\t\t\t<\/div>\n\t\t\t\t<\/div>\n\t\t<div class=\"elementor-element elementor-element-3a6f17e e-con-full e-flex wpr-particle-no wpr-jarallax-no wpr-parallax-no wpr-sticky-section-no wpr-equal-height-no e-con e-parent\" data-id=\"3a6f17e\" data-element_type=\"container\" data-e-type=\"container\">\n\t\t<div class=\"elementor-element elementor-element-5e845ab e-con-full e-flex wpr-particle-no wpr-jarallax-no wpr-parallax-no wpr-sticky-section-no wpr-equal-height-no e-con e-child\" data-id=\"5e845ab\" data-element_type=\"container\" data-e-type=\"container\">\n\t\t\t\t<div class=\"elementor-element elementor-element-ca9796c elementor-widget elementor-widget-image\" data-id=\"ca9796c\" data-element_type=\"widget\" data-e-type=\"widget\" data-widget_type=\"image.default\">\n\t\t\t\t\t\t\t\t\t\t\t\t\t\t\t<img fetchpriority=\"high\" decoding=\"async\" width=\"800\" height=\"800\" src=\"https:\/\/drones-air-mediterranee.com\/wp-content\/uploads\/2026\/01\/immo-1024x1024.png\" class=\"attachment-large size-large wp-image-1053\" alt=\"\" srcset=\"https:\/\/drones-air-mediterranee.com\/wp-content\/uploads\/2026\/01\/immo-1024x1024.png 1024w, https:\/\/drones-air-mediterranee.com\/wp-content\/uploads\/2026\/01\/immo-300x300.png 300w, https:\/\/drones-air-mediterranee.com\/wp-content\/uploads\/2026\/01\/immo-150x150.png 150w, https:\/\/drones-air-mediterranee.com\/wp-content\/uploads\/2026\/01\/immo-768x768.png 768w, https:\/\/drones-air-mediterranee.com\/wp-content\/uploads\/2026\/01\/immo.png 1080w\" sizes=\"(max-width: 800px) 100vw, 800px\" \/>\t\t\t\t\t\t\t\t\t\t\t\t\t\t\t<\/div>\n\t\t\t\t<\/div>\n\t\t<div class=\"elementor-element elementor-element-42ed718 e-con-full e-flex wpr-particle-no wpr-jarallax-no wpr-parallax-no wpr-sticky-section-no wpr-equal-height-no e-con e-child\" data-id=\"42ed718\" data-element_type=\"container\" data-e-type=\"container\">\n\t\t\t\t<div class=\"elementor-element elementor-element-9ed703f elementor-widget elementor-widget-image\" data-id=\"9ed703f\" data-element_type=\"widget\" data-e-type=\"widget\" data-widget_type=\"image.default\">\n\t\t\t\t\t\t\t\t\t\t\t\t\t\t\t<img decoding=\"async\" width=\"800\" height=\"800\" src=\"https:\/\/drones-air-mediterranee.com\/wp-content\/uploads\/2026\/01\/9-1024x1024.png\" class=\"attachment-large size-large wp-image-958\" alt=\"\" srcset=\"https:\/\/drones-air-mediterranee.com\/wp-content\/uploads\/2026\/01\/9-1024x1024.png 1024w, https:\/\/drones-air-mediterranee.com\/wp-content\/uploads\/2026\/01\/9-300x300.png 300w, https:\/\/drones-air-mediterranee.com\/wp-content\/uploads\/2026\/01\/9-150x150.png 150w, https:\/\/drones-air-mediterranee.com\/wp-content\/uploads\/2026\/01\/9-768x768.png 768w, https:\/\/drones-air-mediterranee.com\/wp-content\/uploads\/2026\/01\/9.png 1080w\" sizes=\"(max-width: 800px) 100vw, 800px\" \/>\t\t\t\t\t\t\t\t\t\t\t\t\t\t\t<\/div>\n\t\t\t\t<\/div>\n\t\t<div class=\"elementor-element elementor-element-105b9f7 e-con-full e-flex wpr-particle-no wpr-jarallax-no wpr-parallax-no wpr-sticky-section-no wpr-equal-height-no e-con e-child\" data-id=\"105b9f7\" data-element_type=\"container\" data-e-type=\"container\">\n\t\t\t\t<div class=\"elementor-element elementor-element-9cb1150 elementor-widget elementor-widget-image\" data-id=\"9cb1150\" data-element_type=\"widget\" data-e-type=\"widget\" data-widget_type=\"image.default\">\n\t\t\t\t\t\t\t\t\t\t\t\t\t\t\t<img decoding=\"async\" width=\"800\" height=\"800\" src=\"https:\/\/drones-air-mediterranee.com\/wp-content\/uploads\/2026\/01\/8-1024x1024.png\" class=\"attachment-large size-large wp-image-959\" alt=\"\" srcset=\"https:\/\/drones-air-mediterranee.com\/wp-content\/uploads\/2026\/01\/8-1024x1024.png 1024w, https:\/\/drones-air-mediterranee.com\/wp-content\/uploads\/2026\/01\/8-300x300.png 300w, https:\/\/drones-air-mediterranee.com\/wp-content\/uploads\/2026\/01\/8-150x150.png 150w, https:\/\/drones-air-mediterranee.com\/wp-content\/uploads\/2026\/01\/8-768x768.png 768w, https:\/\/drones-air-mediterranee.com\/wp-content\/uploads\/2026\/01\/8.png 1080w\" sizes=\"(max-width: 800px) 100vw, 800px\" \/>\t\t\t\t\t\t\t\t\t\t\t\t\t\t\t<\/div>\n\t\t\t\t<\/div>\n\t\t\t\t<\/div>\n\t\t<div class=\"elementor-element elementor-element-b91c23d e-flex e-con-boxed wpr-particle-no wpr-jarallax-no wpr-parallax-no wpr-sticky-section-no wpr-equal-height-no e-con e-parent\" data-id=\"b91c23d\" data-element_type=\"container\" data-e-type=\"container\">\n\t\t\t\t\t<div class=\"e-con-inner\">\n\t\t\t\t<div class=\"elementor-element elementor-element-04422c3 elementor-widget elementor-widget-text-editor\" data-id=\"04422c3\" data-element_type=\"widget\" data-e-type=\"widget\" data-widget_type=\"text-editor.default\">\n\t\t\t\t\t\t\t\t\t<p>Fort de son exp\u00e9rience, <strong>Drones Air M\u00e9diterran\u00e9e<\/strong> capture l&rsquo;atmosph\u00e8re unique de chaque \u00e9tablissement et cr\u00e9e des images authentiques, esth\u00e9tiques et g\u00e9n\u00e9ratrices de r\u00e9servations<\/p>\n<p><span style=\"letter-spacing: 0.2px;\">Chaque d\u00e9tail compte : lumi\u00e8re, volumes, textures, ambiance. Gr\u00e2ce \u00e0 un regard pr\u00e9cis et une v\u00e9ritable sensibilit\u00e9 artistique, chaque clich\u00e9 devient un outil marketing puissant, pens\u00e9 pour valoriser votre \u00e9tablissement et s\u00e9duire vos futurs clients.<\/span><\/p>\n<p>Pour nos \u00e9quipes, la photographie et la vid\u00e9o d\u00e9di\u00e9es \u00e0 l&rsquo;immobilier, \u00e0 l&rsquo;h\u00f4tellerie et \u00e0 la restauration vont bien au-del\u00e0 d&rsquo;un simple service : c&rsquo;est une passion.<\/p>\n<p>Nous travaillons en \u00e9troite collaboration avec chaque client afin de produire des visuels fid\u00e8les \u00e0 l&rsquo;identit\u00e9 et \u00e0 l&rsquo;\u00e2me de leur lieu.<\/p>\n<p>Gr\u00e2ce \u00e0 une expertise technique ma\u00eetris\u00e9e et une attention constante port\u00e9e aux d\u00e9tails, chaque prise de vue est soigneusement r\u00e9alis\u00e9e pour mettre en avant les points forts de votre \u00e9tablissement et offrir une vision r\u00e9aliste et attractive de l&rsquo;exp\u00e9rience propos\u00e9e.<\/p>\n<p>Que ce soit pour renforcer votre pr\u00e9sence en ligne, enrichir votre site internet ou moderniser vos supports de communication, nos photos et vid\u00e9os vous aideront \u00e0 attirer l&rsquo;attention, convaincre et vous d\u00e9marquer de la concurrence.<\/p>\t\t\t\t\t\t\t\t<\/div>\n\t\t\t\t\t<\/div>\n\t\t\t\t<\/div>\n\t\t<div class=\"elementor-element elementor-element-1f2364a e-flex e-con-boxed wpr-particle-no wpr-jarallax-no wpr-parallax-no wpr-sticky-section-no wpr-equal-height-no e-con e-parent\" data-id=\"1f2364a\" data-element_type=\"container\" data-e-type=\"container\">\n\t\t\t\t\t<div class=\"e-con-inner\">\n\t\t\t\t<div class=\"elementor-element elementor-element-8de85fe elementor-widget elementor-widget-text-editor\" data-id=\"8de85fe\" data-element_type=\"widget\" data-e-type=\"widget\" data-widget_type=\"text-editor.default\">\n\t\t\t\t\t\t\t\t\t<h2 class=\"p1\"><strong>Drone FPV &#8211; Drone 360\u00b0 &#8211; Vid\u00e9o a\u00e9rienne<\/strong><\/h2>\t\t\t\t\t\t\t\t<\/div>\n\t\t\t\t<div class=\"elementor-element elementor-element-85200fa elementor-widget elementor-widget-text-editor\" data-id=\"85200fa\" data-element_type=\"widget\" data-e-type=\"widget\" data-widget_type=\"text-editor.default\">\n\t\t\t\t\t\t\t\t\t<p class=\"p1\">Nos services de prises de vues a\u00e9riennes et vid\u00e9o offrent une perspective unique et immersive pour sublimer votre h\u00f4tel, restaurant, bien immobilier ou commerce.<\/p><p class=\"p1\">Gr\u00e2ce aux prises de vues par drone, en int\u00e9rieur comme en ext\u00e9rieur, nous r\u00e9v\u00e9lons votre \u00e9tablissement sous un angle in\u00e9dit : architecture, volumes, espaces verts, environnement et int\u00e9gration dans son cadre.<\/p><p class=\"p1\">Notre \u00e9quipe de vid\u00e9astes professionnels dispose d&rsquo;une solide exp\u00e9rience dans la r\u00e9alisation de vid\u00e9os pour l&rsquo;h\u00f4tellerie, la restauration et l&rsquo;immobilier. Nous concevons des contenus dynamiques, immersifs et de haute qualit\u00e9, mettant votre \u00e9tablissement en valeur sous son meilleur jour.<\/p><p class=\"p1\">Sp\u00e9cialis\u00e9s en drone FPV, drone 360\u00b0 et vid\u00e9o a\u00e9rienne, nous utilisons des plans fluides, des plans serr\u00e9s et des plans larges afin de retranscrire l&rsquo;atmosph\u00e8re unique de chaque lieu et donner vie \u00e0 votre propri\u00e9t\u00e9.<\/p><p class=\"p1\">Notre expertise nous permet de r\u00e9aliser des images a\u00e9riennes spectaculaires et parfaitement ma\u00eetris\u00e9es, cr\u00e9ant une v\u00e9ritable exp\u00e9rience visuelle immersive pour vos clients potentiels.<\/p><p class=\"p1\">Que vous souhaitiez enrichir votre site web, d\u00e9velopper votre cha\u00eene YouTube ou renforcer vos campagnes marketing, nous vous accompagnons dans la cr\u00e9ation de contenus visuels percutants et coh\u00e9rents avec votre image.<\/p><p class=\"p1\">Nous travaillons \u00e0 vos c\u00f4t\u00e9s pour produire des vid\u00e9os et des images qui augmentent l&rsquo;attractivit\u00e9 de votre h\u00f4tel, restaurant ou bien immobilier et optimisent votre visibilit\u00e9 en ligne.<\/p><p class=\"p1\"><a href=\"https:\/\/drones-air-mediterranee.com\/?page_id=71\">Contactez-nous<\/a> d\u00e8s maintenant pour en savoir plus sur nos services de vid\u00e9o et prises de vues par drone.<\/p>\t\t\t\t\t\t\t\t<\/div>\n\t\t\t\t\t<\/div>\n\t\t\t\t<\/div>\n\t\t<div class=\"elementor-element elementor-element-acb61e0 e-flex e-con-boxed wpr-particle-no wpr-jarallax-no wpr-parallax-no wpr-sticky-section-no wpr-equal-height-no e-con e-parent\" data-id=\"acb61e0\" data-element_type=\"container\" data-e-type=\"container\">\n\t\t\t\t\t<div class=\"e-con-inner\">\n\t\t\t\t<div class=\"elementor-element elementor-element-a13f5dc elementor-widget elementor-widget-spacer\" data-id=\"a13f5dc\" data-element_type=\"widget\" data-e-type=\"widget\" data-widget_type=\"spacer.default\">\n\t\t\t\t\t\t\t<div class=\"elementor-spacer\">\n\t\t\t<div class=\"elementor-spacer-inner\"><\/div>\n\t\t<\/div>\n\t\t\t\t\t\t<\/div>\n\t\t\t\t\t<\/div>\n\t\t\t\t<\/div>\n\t\t<div class=\"elementor-element elementor-element-e00bd53 e-flex e-con-boxed wpr-particle-no wpr-jarallax-no wpr-parallax-no wpr-sticky-section-no wpr-equal-height-no e-con e-parent\" data-id=\"e00bd53\" data-element_type=\"container\" data-e-type=\"container\">\n\t\t\t\t\t<div class=\"e-con-inner\">\n\t\t<div class=\"elementor-element elementor-element-aa9f3b5 e-con-full e-flex wpr-particle-no wpr-jarallax-no wpr-parallax-no wpr-sticky-section-no wpr-equal-height-no e-con e-child\" data-id=\"aa9f3b5\" data-element_type=\"container\" data-e-type=\"container\">\n\t\t\t\t<div class=\"elementor-element elementor-element-ab9fb4a elementor-widget elementor-widget-image\" data-id=\"ab9fb4a\" data-element_type=\"widget\" data-e-type=\"widget\" data-widget_type=\"image.default\">\n\t\t\t\t\t\t\t\t\t\t\t\t\t\t\t<img loading=\"lazy\" decoding=\"async\" width=\"673\" height=\"1024\" src=\"https:\/\/drones-air-mediterranee.com\/wp-content\/uploads\/2026\/02\/WhatsApp-Image-2026-02-23-at-08.44.49-673x1024.jpeg\" class=\"attachment-large size-large wp-image-1776\" alt=\"\" srcset=\"https:\/\/drones-air-mediterranee.com\/wp-content\/uploads\/2026\/02\/WhatsApp-Image-2026-02-23-at-08.44.49-673x1024.jpeg 673w, https:\/\/drones-air-mediterranee.com\/wp-content\/uploads\/2026\/02\/WhatsApp-Image-2026-02-23-at-08.44.49-197x300.jpeg 197w, https:\/\/drones-air-mediterranee.com\/wp-content\/uploads\/2026\/02\/WhatsApp-Image-2026-02-23-at-08.44.49-768x1169.jpeg 768w, https:\/\/drones-air-mediterranee.com\/wp-content\/uploads\/2026\/02\/WhatsApp-Image-2026-02-23-at-08.44.49-1009x1536.jpeg 1009w, https:\/\/drones-air-mediterranee.com\/wp-content\/uploads\/2026\/02\/WhatsApp-Image-2026-02-23-at-08.44.49.jpeg 1210w\" sizes=\"(max-width: 673px) 100vw, 673px\" \/>\t\t\t\t\t\t\t\t\t\t\t\t\t\t\t<\/div>\n\t\t\t\t<\/div>\n\t\t<div class=\"elementor-element elementor-element-50a957a e-con-full e-flex wpr-particle-no wpr-jarallax-no wpr-parallax-no wpr-sticky-section-no wpr-equal-height-no e-con e-child\" data-id=\"50a957a\" data-element_type=\"container\" data-e-type=\"container\">\n\t\t<div class=\"elementor-element elementor-element-f3afc2c e-con-full e-flex wpr-particle-no wpr-jarallax-no wpr-parallax-no wpr-sticky-section-no wpr-equal-height-no e-con e-child\" data-id=\"f3afc2c\" data-element_type=\"container\" data-e-type=\"container\">\n\t\t\t\t<div class=\"elementor-element elementor-element-3f2b5f7 elementor-widget elementor-widget-image\" data-id=\"3f2b5f7\" data-element_type=\"widget\" data-e-type=\"widget\" data-widget_type=\"image.default\">\n\t\t\t\t\t\t\t\t\t\t\t\t\t\t\t<img loading=\"lazy\" decoding=\"async\" width=\"800\" height=\"534\" src=\"https:\/\/drones-air-mediterranee.com\/wp-content\/uploads\/2026\/02\/WhatsApp-Image-2026-02-23-at-08.44.49-1-1024x684.jpeg\" class=\"attachment-large size-large wp-image-1777\" alt=\"\" srcset=\"https:\/\/drones-air-mediterranee.com\/wp-content\/uploads\/2026\/02\/WhatsApp-Image-2026-02-23-at-08.44.49-1-1024x684.jpeg 1024w, https:\/\/drones-air-mediterranee.com\/wp-content\/uploads\/2026\/02\/WhatsApp-Image-2026-02-23-at-08.44.49-1-300x200.jpeg 300w, https:\/\/drones-air-mediterranee.com\/wp-content\/uploads\/2026\/02\/WhatsApp-Image-2026-02-23-at-08.44.49-1-768x513.jpeg 768w, https:\/\/drones-air-mediterranee.com\/wp-content\/uploads\/2026\/02\/WhatsApp-Image-2026-02-23-at-08.44.49-1-1536x1026.jpeg 1536w, https:\/\/drones-air-mediterranee.com\/wp-content\/uploads\/2026\/02\/WhatsApp-Image-2026-02-23-at-08.44.49-1.jpeg 1920w\" sizes=\"(max-width: 800px) 100vw, 800px\" \/>\t\t\t\t\t\t\t\t\t\t\t\t\t\t\t<\/div>\n\t\t\t\t<\/div>\n\t\t<div class=\"elementor-element elementor-element-dd50c2b e-con-full e-flex wpr-particle-no wpr-jarallax-no wpr-parallax-no wpr-sticky-section-no wpr-equal-height-no e-con e-child\" data-id=\"dd50c2b\" data-element_type=\"container\" data-e-type=\"container\">\n\t\t\t\t<div class=\"elementor-element elementor-element-f02a8aa elementor-widget elementor-widget-image\" data-id=\"f02a8aa\" data-element_type=\"widget\" data-e-type=\"widget\" data-widget_type=\"image.default\">\n\t\t\t\t\t\t\t\t\t\t\t\t\t\t\t<img loading=\"lazy\" decoding=\"async\" width=\"800\" height=\"449\" src=\"https:\/\/drones-air-mediterranee.com\/wp-content\/uploads\/2026\/02\/photo-aerienne-drone-immobilier-prestige-Cofim-DSC05720-1024x575-1.jpeg\" class=\"attachment-large size-large wp-image-1782\" alt=\"\" srcset=\"https:\/\/drones-air-mediterranee.com\/wp-content\/uploads\/2026\/02\/photo-aerienne-drone-immobilier-prestige-Cofim-DSC05720-1024x575-1.jpeg 1024w, https:\/\/drones-air-mediterranee.com\/wp-content\/uploads\/2026\/02\/photo-aerienne-drone-immobilier-prestige-Cofim-DSC05720-1024x575-1-300x168.jpeg 300w, https:\/\/drones-air-mediterranee.com\/wp-content\/uploads\/2026\/02\/photo-aerienne-drone-immobilier-prestige-Cofim-DSC05720-1024x575-1-768x431.jpeg 768w\" sizes=\"(max-width: 800px) 100vw, 800px\" \/>\t\t\t\t\t\t\t\t\t\t\t\t\t\t\t<\/div>\n\t\t\t\t<\/div>\n\t\t\t\t<\/div>\n\t\t\t\t\t<\/div>\n\t\t\t\t<\/div>\n\t\t\t\t<\/div>\n\t\t","protected":false},"excerpt":{"rendered":"<p>Immobilier &#8211; H\u00f4tellerie &#8211; Restaurant Fort de son exp\u00e9rience, Drones Air M\u00e9diterran\u00e9e capture l&rsquo;atmosph\u00e8re unique de chaque \u00e9tablissement et cr\u00e9e des images authentiques, esth\u00e9tiques et g\u00e9n\u00e9ratrices de r\u00e9servations Chaque d\u00e9tail compte : lumi\u00e8re, volumes, textures, ambiance. Gr\u00e2ce \u00e0 un regard pr\u00e9cis et une v\u00e9ritable sensibilit\u00e9 artistique, chaque clich\u00e9 devient un outil marketing puissant, pens\u00e9 pour valoriser votre \u00e9tablissement et s\u00e9duire vos futurs clients. Pour nos \u00e9quipes, la photographie et la vid\u00e9o d\u00e9di\u00e9es \u00e0 l&rsquo;immobilier, \u00e0 l&rsquo;h\u00f4tellerie et \u00e0 la restauration vont bien au-del\u00e0 d&rsquo;un simple service : c&rsquo;est une passion. Nous travaillons en \u00e9troite collaboration avec chaque client afin de produire des visuels fid\u00e8les \u00e0 l&rsquo;identit\u00e9 et \u00e0 l&rsquo;\u00e2me de leur lieu. Gr\u00e2ce \u00e0 une expertise technique ma\u00eetris\u00e9e et une attention constante port\u00e9e aux d\u00e9tails, chaque prise de vue est soigneusement r\u00e9alis\u00e9e pour mettre en avant les points forts de votre \u00e9tablissement et offrir une vision r\u00e9aliste et attractive de l&rsquo;exp\u00e9rience propos\u00e9e. Que ce soit pour renforcer votre pr\u00e9sence en ligne, enrichir votre site internet ou moderniser vos supports de communication, nos photos et vid\u00e9os vous aideront \u00e0 attirer l&rsquo;attention, convaincre et vous d\u00e9marquer de la concurrence. Drone FPV &#8211; Drone 360\u00b0 &#8211; Vid\u00e9o a\u00e9rienne Nos services de prises de vues a\u00e9riennes et vid\u00e9o offrent une perspective unique et immersive pour sublimer votre h\u00f4tel, restaurant, bien immobilier ou commerce. Gr\u00e2ce aux prises de vues par drone, en int\u00e9rieur comme en ext\u00e9rieur, nous r\u00e9v\u00e9lons votre \u00e9tablissement sous un angle in\u00e9dit : architecture, volumes, espaces verts, environnement et int\u00e9gration dans son cadre. Notre \u00e9quipe de vid\u00e9astes professionnels dispose d&rsquo;une solide exp\u00e9rience dans la r\u00e9alisation de vid\u00e9os pour l&rsquo;h\u00f4tellerie, la restauration et l&rsquo;immobilier. Nous concevons des contenus dynamiques, immersifs et de haute qualit\u00e9, mettant votre \u00e9tablissement en valeur sous son meilleur jour. Sp\u00e9cialis\u00e9s en drone FPV, drone 360\u00b0 et vid\u00e9o a\u00e9rienne, nous utilisons des plans fluides, des plans serr\u00e9s et des plans larges afin de retranscrire l&rsquo;atmosph\u00e8re unique de chaque lieu et donner vie \u00e0 votre propri\u00e9t\u00e9. Notre expertise nous permet de r\u00e9aliser des images a\u00e9riennes spectaculaires et parfaitement ma\u00eetris\u00e9es, cr\u00e9ant une v\u00e9ritable exp\u00e9rience visuelle immersive pour vos clients potentiels. Que vous souhaitiez enrichir votre site web, d\u00e9velopper votre cha\u00eene YouTube ou renforcer vos campagnes marketing, nous vous accompagnons dans la cr\u00e9ation de contenus visuels percutants et coh\u00e9rents avec votre image. Nous travaillons \u00e0 vos c\u00f4t\u00e9s pour produire des vid\u00e9os et des images qui augmentent l&rsquo;attractivit\u00e9 de votre h\u00f4tel, restaurant ou bien immobilier et optimisent votre visibilit\u00e9 en ligne. Contactez-nous d\u00e8s maintenant pour en savoir plus sur nos services de vid\u00e9o et prises de vues par drone.<\/p>\n","protected":false},"author":1,"featured_media":0,"parent":0,"menu_order":0,"comment_status":"closed","ping_status":"closed","template":"","meta":{"footnotes":""},"class_list":["post-858","page","type-page","status-publish","hentry"],"_links":{"self":[{"href":"https:\/\/drones-air-mediterranee.com\/index.php?rest_route=\/wp\/v2\/pages\/858","targetHints":{"allow":["GET"]}}],"collection":[{"href":"https:\/\/drones-air-mediterranee.com\/index.php?rest_route=\/wp\/v2\/pages"}],"about":[{"href":"https:\/\/drones-air-mediterranee.com\/index.php?rest_route=\/wp\/v2\/types\/page"}],"author":[{"embeddable":true,"href":"https:\/\/drones-air-mediterranee.com\/index.php?rest_route=\/wp\/v2\/users\/1"}],"replies":[{"embeddable":true,"href":"https:\/\/drones-air-mediterranee.com\/index.php?rest_route=%2Fwp%2Fv2%2Fcomments&post=858"}],"version-history":[{"count":49,"href":"https:\/\/drones-air-mediterranee.com\/index.php?rest_route=\/wp\/v2\/pages\/858\/revisions"}],"predecessor-version":[{"id":1900,"href":"https:\/\/drones-air-mediterranee.com\/index.php?rest_route=\/wp\/v2\/pages\/858\/revisions\/1900"}],"wp:attachment":[{"href":"https:\/\/drones-air-mediterranee.com\/index.php?rest_route=%2Fwp%2Fv2%2Fmedia&parent=858"}],"curies":[{"name":"wp","href":"https:\/\/api.w.org\/{rel}","templated":true}]}}